{"id":43,"date":"2025-12-07T18:00:21","date_gmt":"2025-12-07T18:00:21","guid":{"rendered":"https:\/\/nbosexpress.com\/?page_id=43"},"modified":"2025-12-08T16:01:26","modified_gmt":"2025-12-08T16:01:26","slug":"servicios","status":"publish","type":"page","link":"https:\/\/nbosexpress.com\/?page_id=43","title":{"rendered":"Servicios"},"content":{"rendered":"<p>[et_pb_section fb_built=&#8221;1&#8243; admin_label=&#8221;Header&#8221; _builder_version=&#8221;4.27.4&#8243; _module_preset=&#8221;default&#8221; background_color=&#8221;gcid-af6245ea-df40-48a8-9687-67293107dc0c&#8221; background_enable_image=&#8221;off&#8221; background_position=&#8221;top_center&#8221; background_video_mp4=&#8221;https:\/\/nbosexpress.com\/wp-content\/uploads\/2025\/12\/A_series_of_202512080630_raxqa.mp4&#8243; custom_padding=&#8221;||144px|||&#8221; locked=&#8221;off&#8221; collapsed=&#8221;on&#8221; global_colors_info=&#8221;{%22gcid-af6245ea-df40-48a8-9687-67293107dc0c%22:%91%22background_color%22%93}&#8221;][et_pb_row _builder_version=&#8221;4.27.4&#8243; _module_preset=&#8221;default&#8221; locked=&#8221;off&#8221; global_colors_info=&#8221;{}&#8221;][et_pb_column type=&#8221;4_4&#8243; _builder_version=&#8221;4.20.0&#8243; _module_preset=&#8221;default&#8221; global_colors_info=&#8221;{}&#8221;][et_pb_text _builder_version=&#8221;4.27.4&#8243; _module_preset=&#8221;ce7809ed-0bfa-4164-9ba8-1f1e9088b760&#8243; header_text_color=&#8221;#FFFFFF&#8221; text_orientation=&#8221;center&#8221; custom_margin=&#8221;||10px||false|false&#8221; locked=&#8221;off&#8221; global_colors_info=&#8221;{}&#8221;]<\/p>\n<h1>Soluciones de transporte confiables para todo M\u00e9xico<\/h1>\n<p>[\/et_pb_text][et_pb_text _builder_version=&#8221;4.27.4&#8243; _module_preset=&#8221;1768e550-30fc-419d-9a04-cd25987b1099&#8243; text_text_color=&#8221;gcid-af6245ea-df40-48a8-9687-67293107dc0c&#8221; text_orientation=&#8221;center&#8221; max_width=&#8221;600px&#8221; module_alignment=&#8221;center&#8221; locked=&#8221;off&#8221; global_colors_info=&#8221;{%22gcid-af6245ea-df40-48a8-9687-67293107dc0c%22:%91%22text_text_color%22%93}&#8221;]<\/p>\n<p>En NBOS Express combinamos cobertura nacional, unidades certificadas y monitoreo en tiempo real para garantizar env\u00edos seguros y puntuales.<\/p>\n<p>[\/et_pb_text][et_pb_button button_text=&#8221;Solicitar cotizaci\u00f3n&#8221; button_alignment=&#8221;center&#8221; _builder_version=&#8221;4.27.4&#8243; _module_preset=&#8221;6a5c93e3-3c36-496c-b0df-973d0d4d9d72&#8243; button_text_color=&#8221;#FFFFFF&#8221; button_bg_color=&#8221;#E02B20&#8243; hover_enabled=&#8221;0&#8243; global_colors_info=&#8221;{%22gcid-8cdb4e16-0e89-4c38-b30b-9fe41127e3f5%22:%91%22button_bg_color%22%93}&#8221; url_new_window=&#8221;on&#8221; button_url=&#8221;https:\/\/wa.link\/hytgb2&#8243; sticky_enabled=&#8221;0&#8243;][\/et_pb_button][\/et_pb_column][\/et_pb_row][\/et_pb_section][et_pb_section fb_built=&#8221;1&#8243; admin_label=&#8221;Feature&#8221; _builder_version=&#8221;4.20.0&#8243; _module_preset=&#8221;default&#8221; background_color=&#8221;gcid-af6245ea-df40-48a8-9687-67293107dc0c&#8221; locked=&#8221;off&#8221; collapsed=&#8221;on&#8221; global_colors_info=&#8221;{%22gcid-af6245ea-df40-48a8-9687-67293107dc0c%22:%91%22background_color%22%93}&#8221;][et_pb_row column_structure=&#8221;1_2,1_2&#8243; _builder_version=&#8221;4.20.0&#8243; _module_preset=&#8221;default&#8221; global_colors_info=&#8221;{}&#8221;][et_pb_column type=&#8221;1_2&#8243; _builder_version=&#8221;4.20.0&#8243; _module_preset=&#8221;default&#8221; global_colors_info=&#8221;{}&#8221;][et_pb_text _builder_version=&#8221;4.27.4&#8243; _module_preset=&#8221;96794052-2417-4b61-9179-253a2a8768c3&#8243; header_4_text_color=&#8221;#E02B20&#8243; global_colors_info=&#8221;{}&#8221;]<\/p>\n<h4>AS\u00ed funciona<\/h4>\n<p>[\/et_pb_text][et_pb_text _builder_version=&#8221;4.20.0&#8243; _module_preset=&#8221;a6baf6c4-dbf9-4ea9-9bf0-8a1655f38a07&#8243; header_2_text_color=&#8221;#FFFFFF&#8221; custom_margin=&#8221;||13px|||&#8221; global_colors_info=&#8221;{}&#8221;]<\/p>\n<h2>As\u00ed movemos tu carga, paso a paso<\/h2>\n<p>[\/et_pb_text][et_pb_text _builder_version=&#8221;4.20.0&#8243; _module_preset=&#8221;b187eefc-ff33-43cc-9175-fd093e0710ac&#8221; text_text_color=&#8221;rgba(255,255,255,0.7)&#8221; global_colors_info=&#8221;{}&#8221;]<\/p>\n<p data-start=\"861\" data-end=\"1000\"><strong data-start=\"861\" data-end=\"903\">Paso 1 \u2014 Solicitud y detalle del env\u00edo<\/strong><br data-start=\"903\" data-end=\"906\" \/>Recibimos tu requerimiento y definimos origen, destino, tipo de carga y necesidades de unidad.<\/p>\n<p data-start=\"1002\" data-end=\"1122\"><strong data-start=\"1002\" data-end=\"1035\">Paso 2 \u2014 Asignaci\u00f3n de unidad<\/strong><br data-start=\"1035\" data-end=\"1038\" \/>Asignamos la unidad adecuada y confirmamos disponibilidad seg\u00fan tu ventana de carga.<\/p>\n<p data-start=\"1124\" data-end=\"1249\"><strong data-start=\"1124\" data-end=\"1162\">Paso 3 \u2014 Carga y salida controlada<\/strong><br data-start=\"1162\" data-end=\"1165\" \/>Se asegura la mercanc\u00eda en caja seca y se valida la salida para iniciar el traslado.<\/p>\n<p data-start=\"1251\" data-end=\"1381\"><strong data-start=\"1251\" data-end=\"1283\">Paso 4 \u2014 Monitoreo y entrega<\/strong><br data-start=\"1283\" data-end=\"1286\" \/>Durante todo el trayecto, las unidades cuentan con GPS y monitoreo 24\/7 hasta la entrega final.<\/p>\n<p>[\/et_pb_text][\/et_pb_column][et_pb_column type=&#8221;1_2&#8243; _builder_version=&#8221;4.20.0&#8243; _module_preset=&#8221;default&#8221; global_colors_info=&#8221;{}&#8221;][et_pb_image src=&#8221;https:\/\/nbosexpress.com\/wp-content\/uploads\/2025\/12\/cargo-transport-11.png&#8221; title_text=&#8221;cargo-transport-11&#8243; _builder_version=&#8221;4.27.4&#8243; _module_preset=&#8221;default&#8221; positioning=&#8221;relative&#8221; vertical_offset=&#8221;85px&#8221; global_colors_info=&#8221;{}&#8221;][\/et_pb_image][\/et_pb_column][\/et_pb_row][\/et_pb_section][et_pb_section fb_built=&#8221;1&#8243; admin_label=&#8221;Features&#8221; _builder_version=&#8221;4.20.0&#8243; _module_preset=&#8221;default&#8221; background_color=&#8221;gcid-af6245ea-df40-48a8-9687-67293107dc0c&#8221; custom_padding=&#8221;||0px|||&#8221; saved_tabs=&#8221;all&#8221; collapsed=&#8221;on&#8221; global_colors_info=&#8221;{%22gcid-af6245ea-df40-48a8-9687-67293107dc0c%22:%91%22background_color%22%93}&#8221;][et_pb_row column_structure=&#8221;1_2,1_2&#8243; _builder_version=&#8221;4.20.0&#8243; _module_preset=&#8221;default&#8221; locked=&#8221;off&#8221; global_colors_info=&#8221;{}&#8221;][et_pb_column type=&#8221;1_2&#8243; _builder_version=&#8221;4.20.0&#8243; _module_preset=&#8221;default&#8221; global_colors_info=&#8221;{}&#8221;][et_pb_image src=&#8221;https:\/\/nbosexpress.com\/wp-content\/uploads\/2025\/12\/Cargo-transport-illustrations.png&#8221; title_text=&#8221;Cargo-transport-illustrations&#8221; align=&#8221;right&#8221; _builder_version=&#8221;4.20.0&#8243; _module_preset=&#8221;default&#8221; custom_margin=&#8221;|||-20vw|false|false&#8221; custom_margin_last_edited=&#8221;off|desktop&#8221; scroll_horizontal_motion_enable=&#8221;on&#8221; scroll_horizontal_motion=&#8221;0|100|100|100|-2|0|0&#8243; global_colors_info=&#8221;{}&#8221;][\/et_pb_image][\/et_pb_column][et_pb_column type=&#8221;1_2&#8243; _builder_version=&#8221;4.20.0&#8243; _module_preset=&#8221;default&#8221; global_colors_info=&#8221;{}&#8221;][et_pb_text _builder_version=&#8221;4.27.4&#8243; _module_preset=&#8221;96794052-2417-4b61-9179-253a2a8768c3&#8243; header_4_text_color=&#8221;#E02B20&#8243; global_colors_info=&#8221;{}&#8221;]<\/p>\n<h4>Seguridad y seguimiento<\/h4>\n<p>[\/et_pb_text][et_pb_text _builder_version=&#8221;4.20.0&#8243; _module_preset=&#8221;a6baf6c4-dbf9-4ea9-9bf0-8a1655f38a07&#8243; header_2_text_color=&#8221;#FFFFFF&#8221; global_colors_info=&#8221;{}&#8221;]<\/p>\n<h2>Entregas seguras y puntuales con control total del trayecto<\/h2>\n<p>[\/et_pb_text][et_pb_blurb title=&#8221;Movemos tu carga a cualquier punto del pa\u00eds con operaci\u00f3n confiable.&#8221; use_icon=&#8221;on&#8221; font_icon=&#8221;&#xe052;||divi||400&#8243; icon_color=&#8221;#E02B20&#8243; _builder_version=&#8221;4.27.4&#8243; _module_preset=&#8221;df505dc2-bef3-47ad-a142-aa82b4c773a2&#8243; global_colors_info=&#8221;{}&#8221;][\/et_pb_blurb][et_pb_blurb title=&#8221;Unidades con fumigaci\u00f3n vigente para proteger tu mercanc\u00eda.&#8221; use_icon=&#8221;on&#8221; font_icon=&#8221;&#xe052;||divi||400&#8243; icon_color=&#8221;#E02B20&#8243; _builder_version=&#8221;4.27.4&#8243; _module_preset=&#8221;df505dc2-bef3-47ad-a142-aa82b4c773a2&#8243; global_colors_info=&#8221;{}&#8221;][\/et_pb_blurb][et_pb_blurb title=&#8221;Visibilidad constante de tu env\u00edo durante todo el recorrido.&#8221; use_icon=&#8221;on&#8221; font_icon=&#8221;&#xe052;||divi||400&#8243; icon_color=&#8221;#E02B20&#8243; _builder_version=&#8221;4.27.4&#8243; _module_preset=&#8221;df505dc2-bef3-47ad-a142-aa82b4c773a2&#8243; global_colors_info=&#8221;{}&#8221;][\/et_pb_blurb][et_pb_blurb title=&#8221;Supervisi\u00f3n continua para garantizar control operativo y respuesta oportuna.&#8221; use_icon=&#8221;on&#8221; font_icon=&#8221;&#xe052;||divi||400&#8243; icon_color=&#8221;#E02B20&#8243; _builder_version=&#8221;4.27.4&#8243; _module_preset=&#8221;df505dc2-bef3-47ad-a142-aa82b4c773a2&#8243; global_colors_info=&#8221;{}&#8221;][\/et_pb_blurb][\/et_pb_column][\/et_pb_row][\/et_pb_section][et_pb_section fb_built=&#8221;1&#8243; _builder_version=&#8221;4.27.4&#8243; _module_preset=&#8221;default&#8221; background_color=&#8221;gcid-af6245ea-df40-48a8-9687-67293107dc0c&#8221; use_background_color_gradient=&#8221;on&#8221; background_color_gradient_stops=&#8221;#2b87da 0%|#29c4a9 53%&#8221; background_image=&#8221;https:\/\/nbosexpress.com\/wp-content\/uploads\/2025\/12\/Material-Grafico-6.jpeg&#8221; background_enable_pattern_style=&#8221;on&#8221; background_pattern_style=&#8221;diagonal-stripes-2&#8243; background_pattern_color=&#8221;rgba(8,15,24,0.09)&#8221; custom_padding=&#8221;||549px|||&#8221; global_colors_info=&#8221;{%22gcid-af6245ea-df40-48a8-9687-67293107dc0c%22:%91%22background_color%22%93}&#8221;][et_pb_row _builder_version=&#8221;4.27.4&#8243; _module_preset=&#8221;default&#8221; global_colors_info=&#8221;{}&#8221;][et_pb_column type=&#8221;4_4&#8243; _builder_version=&#8221;4.27.4&#8243; _module_preset=&#8221;default&#8221; global_colors_info=&#8221;{}&#8221;][\/et_pb_column][\/et_pb_row][\/et_pb_section][et_pb_section fb_built=&#8221;1&#8243; _builder_version=&#8221;4.27.4&#8243; _module_preset=&#8221;default&#8221; background_color=&#8221;gcid-af6245ea-df40-48a8-9687-67293107dc0c&#8221; custom_padding=&#8221;0px||3px|||&#8221; global_colors_info=&#8221;{%22gcid-af6245ea-df40-48a8-9687-67293107dc0c%22:%91%22background_color%22%93}&#8221;][et_pb_row _builder_version=&#8221;4.27.4&#8243; _module_preset=&#8221;default&#8221; global_colors_info=&#8221;{}&#8221;][et_pb_column type=&#8221;4_4&#8243; _builder_version=&#8221;4.27.4&#8243; _module_preset=&#8221;default&#8221; global_colors_info=&#8221;{}&#8221;][et_pb_code _builder_version=&#8221;4.27.4&#8243; _module_preset=&#8221;default&#8221; global_colors_info=&#8221;{}&#8221;]<\/p>\n<style><!-- [et_pb_line_break_holder] -->\/* ==========================<!-- [et_pb_line_break_holder] -->   IMPACTO NBOS v3<!-- [et_pb_line_break_holder] -->   C\u00cdRCULOS M\u00c1S GRANDES<!-- [et_pb_line_break_holder] -->   ========================== *\/<!-- [et_pb_line_break_holder] --><!-- [et_pb_line_break_holder] -->.nbos-impact-v3{<!-- [et_pb_line_break_holder] -->  padding: 70px 10px;<!-- [et_pb_line_break_holder] -->  background: transparent;<!-- [et_pb_line_break_holder] -->}<!-- [et_pb_line_break_holder] --><!-- [et_pb_line_break_holder] -->\/* ===== HEADER ===== *\/<!-- [et_pb_line_break_holder] -->.nbos-impact-v3 .nbos-impact-header{<!-- [et_pb_line_break_holder] -->  text-align:center;<!-- [et_pb_line_break_holder] -->  max-width: 920px;<!-- [et_pb_line_break_holder] -->  margin: 0 auto 46px auto;<!-- [et_pb_line_break_holder] -->}<!-- [et_pb_line_break_holder] --><!-- [et_pb_line_break_holder] -->.nbos-impact-v3 .nbos-eyebrow{<!-- [et_pb_line_break_holder] -->  font-size: 0.78rem !important;<!-- [et_pb_line_break_holder] -->  letter-spacing: 0.22em !important;<!-- [et_pb_line_break_holder] -->  text-transform: uppercase !important;<!-- [et_pb_line_break_holder] -->  font-weight: 700 !important;<!-- [et_pb_line_break_holder] -->  color: #F5F7FA !important;<!-- [et_pb_line_break_holder] -->  opacity: .75;<!-- [et_pb_line_break_holder] -->  margin-bottom: 10px !important;<!-- [et_pb_line_break_holder] -->}<!-- [et_pb_line_break_holder] --><!-- [et_pb_line_break_holder] -->.nbos-impact-v3 .nbos-title{<!-- [et_pb_line_break_holder] -->  font-size: clamp(1.8rem, 3.3vw, 2.45rem) !important;<!-- [et_pb_line_break_holder] -->  font-weight: 800 !important;<!-- [et_pb_line_break_holder] -->  margin: 0 0 12px 0 !important;<!-- [et_pb_line_break_holder] -->  color: #FFFFFF !important;<!-- [et_pb_line_break_holder] -->}<!-- [et_pb_line_break_holder] --><!-- [et_pb_line_break_holder] -->.nbos-impact-v3 .nbos-subtitle{<!-- [et_pb_line_break_holder] -->  font-size: 1rem !important;<!-- [et_pb_line_break_holder] -->  color: #C9D4E0 !important;<!-- [et_pb_line_break_holder] -->  margin: 0 !important;<!-- [et_pb_line_break_holder] -->}<!-- [et_pb_line_break_holder] --><!-- [et_pb_line_break_holder] -->\/* ===== GRID ===== *\/<!-- [et_pb_line_break_holder] -->.nbos-impact-v3 .nbos-grid{<!-- [et_pb_line_break_holder] -->  display:flex;<!-- [et_pb_line_break_holder] -->  gap: 2.6rem;<!-- [et_pb_line_break_holder] -->  flex-wrap: wrap;<!-- [et_pb_line_break_holder] -->  justify-content:center;<!-- [et_pb_line_break_holder] -->  align-items: stretch;<!-- [et_pb_line_break_holder] -->}<!-- [et_pb_line_break_holder] --><!-- [et_pb_line_break_holder] -->\/* ===== ITEM ===== *\/<!-- [et_pb_line_break_holder] -->.nbos-impact-v3 .nbos-item{<!-- [et_pb_line_break_holder] -->  width: 320px; \/* m\u00e1s ancho para que respire *\/<!-- [et_pb_line_break_holder] -->  display: flex;<!-- [et_pb_line_break_holder] -->  justify-content: center;<!-- [et_pb_line_break_holder] -->}<!-- [et_pb_line_break_holder] --><!-- [et_pb_line_break_holder] -->\/* ===== ARO GRANDE Y ELEGANTE ===== *\/<!-- [et_pb_line_break_holder] -->.nbos-impact-v3 .nbos-ring{<!-- [et_pb_line_break_holder] -->  \/* Ajusta aqu\u00ed si quieres a\u00fan m\u00e1s grandes *\/<!-- [et_pb_line_break_holder] -->  --size: 270px;<!-- [et_pb_line_break_holder] -->  --thickness: 10px;<!-- [et_pb_line_break_holder] --><!-- [et_pb_line_break_holder] -->  width: var(--size);<!-- [et_pb_line_break_holder] -->  height: var(--size);<!-- [et_pb_line_break_holder] -->  border-radius: 999px;<!-- [et_pb_line_break_holder] --><!-- [et_pb_line_break_holder] -->  background:<!-- [et_pb_line_break_holder] -->    conic-gradient(<!-- [et_pb_line_break_holder] -->      #0B2A4A 0 55%,     \/* azul marino *\/<!-- [et_pb_line_break_holder] -->      #C1121F 55% 85%,  \/* rojo *\/<!-- [et_pb_line_break_holder] -->      #E6EAF0 85% 100%  \/* gris claro *\/<!-- [et_pb_line_break_holder] -->    );<!-- [et_pb_line_break_holder] --><!-- [et_pb_line_break_holder] -->  padding: var(--thickness);<!-- [et_pb_line_break_holder] -->  box-shadow: 0 12px 30px rgba(0,0,0,0.28);<!-- [et_pb_line_break_holder] -->  display: grid;<!-- [et_pb_line_break_holder] -->  place-items: center;<!-- [et_pb_line_break_holder] -->}<!-- [et_pb_line_break_holder] --><!-- [et_pb_line_break_holder] -->\/* ===== C\u00cdRCULO INTERNO ===== *\/<!-- [et_pb_line_break_holder] -->.nbos-impact-v3 .nbos-inner{<!-- [et_pb_line_break_holder] -->  width: calc(var(--size) - (var(--thickness) * 2));<!-- [et_pb_line_break_holder] -->  height: calc(var(--size) - (var(--thickness) * 2));<!-- [et_pb_line_break_holder] -->  border-radius: 999px;<!-- [et_pb_line_break_holder] -->  background: #FFFFFF !important;<!-- [et_pb_line_break_holder] --><!-- [et_pb_line_break_holder] -->  display: grid;<!-- [et_pb_line_break_holder] -->  place-items: center;<!-- [et_pb_line_break_holder] -->  text-align: center;<!-- [et_pb_line_break_holder] -->  padding: 26px 22px !important;<!-- [et_pb_line_break_holder] -->  box-sizing: border-box;<!-- [et_pb_line_break_holder] -->}<!-- [et_pb_line_break_holder] --><!-- [et_pb_line_break_holder] -->\/* ===== ICONO ===== *\/<!-- [et_pb_line_break_holder] -->.nbos-impact-v3 .nbos-icon{<!-- [et_pb_line_break_holder] -->  width: 36px;<!-- [et_pb_line_break_holder] -->  height: 36px;<!-- [et_pb_line_break_holder] -->  border-radius: 10px;<!-- [et_pb_line_break_holder] -->  display: grid;<!-- [et_pb_line_break_holder] -->  place-items: center;<!-- [et_pb_line_break_holder] -->  margin: 0 auto 10px auto;<!-- [et_pb_line_break_holder] --><!-- [et_pb_line_break_holder] -->  background: rgba(11,42,74,0.08);<!-- [et_pb_line_break_holder] -->  color: #0B2A4A;<!-- [et_pb_line_break_holder] -->  font-size: 1.1rem;<!-- [et_pb_line_break_holder] -->}<!-- [et_pb_line_break_holder] --><!-- [et_pb_line_break_holder] -->\/* ===== TEXTOS ===== *\/<!-- [et_pb_line_break_holder] -->.nbos-impact-v3 .nbos-metric{<!-- [et_pb_line_break_holder] -->  font-size: 1.08rem !important;<!-- [et_pb_line_break_holder] -->  font-weight: 800 !important;<!-- [et_pb_line_break_holder] -->  color: #0F172A !important;<!-- [et_pb_line_break_holder] -->  margin: 0 0 8px 0 !important;<!-- [et_pb_line_break_holder] -->  line-height: 1.2 !important;<!-- [et_pb_line_break_holder] -->}<!-- [et_pb_line_break_holder] --><!-- [et_pb_line_break_holder] -->.nbos-impact-v3 .nbos-label{<!-- [et_pb_line_break_holder] -->  font-size: 0.9rem !important;<!-- [et_pb_line_break_holder] -->  line-height: 1.28 !important;<!-- [et_pb_line_break_holder] -->  color: #1F2937 !important;<!-- [et_pb_line_break_holder] -->  opacity: 1 !important;<!-- [et_pb_line_break_holder] -->  margin: 0 auto !important;<!-- [et_pb_line_break_holder] -->  max-width: 185px; \/* clave para que el texto se compacte bonito *\/<!-- [et_pb_line_break_holder] -->}<!-- [et_pb_line_break_holder] --><!-- [et_pb_line_break_holder] -->\/* Protecci\u00f3n extra contra estilos globales de Divi *\/<!-- [et_pb_line_break_holder] -->.nbos-impact-v3 .nbos-inner p,<!-- [et_pb_line_break_holder] -->.nbos-impact-v3 .nbos-inner h1,<!-- [et_pb_line_break_holder] -->.nbos-impact-v3 .nbos-inner h2,<!-- [et_pb_line_break_holder] -->.nbos-impact-v3 .nbos-inner h3{<!-- [et_pb_line_break_holder] -->  text-align: center !important;<!-- [et_pb_line_break_holder] -->}<!-- [et_pb_line_break_holder] --><!-- [et_pb_line_break_holder] -->\/* ===== RESPONSIVE ===== *\/<!-- [et_pb_line_break_holder] -->@media (max-width: 1200px){<!-- [et_pb_line_break_holder] -->  .nbos-impact-v3 .nbos-ring{ --size: 255px; }<!-- [et_pb_line_break_holder] -->  .nbos-impact-v3 .nbos-item{ width: 300px; }<!-- [et_pb_line_break_holder] -->}<!-- [et_pb_line_break_holder] --><!-- [et_pb_line_break_holder] -->@media (max-width: 980px){<!-- [et_pb_line_break_holder] -->  .nbos-impact-v3 .nbos-ring{ --size: 240px; }<!-- [et_pb_line_break_holder] -->  .nbos-impact-v3 .nbos-item{ width: 280px; }<!-- [et_pb_line_break_holder] -->}<!-- [et_pb_line_break_holder] --><!-- [et_pb_line_break_holder] -->@media (max-width: 480px){<!-- [et_pb_line_break_holder] -->  .nbos-impact-v3 .nbos-ring{ --size: 225px; }<!-- [et_pb_line_break_holder] -->  .nbos-impact-v3 .nbos-item{ width: 100%; }<!-- [et_pb_line_break_holder] -->}<!-- [et_pb_line_break_holder] --><\/style>\n<p><!-- [et_pb_line_break_holder] --><!-- [et_pb_line_break_holder] --><\/p>\n<section class=\"nbos-impact-v3\"><!-- [et_pb_line_break_holder] -->  <\/p>\n<div class=\"nbos-impact-header\"><!-- [et_pb_line_break_holder] -->    <\/p>\n<div class=\"nbos-eyebrow\">IMPACTO<\/div>\n<p><!-- [et_pb_line_break_holder] -->    <\/p>\n<h2 class=\"nbos-title\">Log\u00edstica nacional con control total<\/h2>\n<p><!-- [et_pb_line_break_holder] -->    <pee class=\"nbos-subtitle\"><!-- [et_pb_line_break_holder] -->      Fletes nacionales, cajas secas certificadas y supervisi\u00f3n continua para entregas seguras y puntuales.<!-- [et_pb_line_break_holder] -->    <\/pee><!-- [et_pb_line_break_holder] -->  <\/div>\n<p><!-- [et_pb_line_break_holder] --><!-- [et_pb_line_break_holder] -->  <\/p>\n<div class=\"nbos-grid\"><!-- [et_pb_line_break_holder] -->    <!-- 1 --><!-- [et_pb_line_break_holder] -->    <\/p>\n<div class=\"nbos-item\"><!-- [et_pb_line_break_holder] -->      <\/p>\n<div class=\"nbos-ring\"><!-- [et_pb_line_break_holder] -->        <\/p>\n<div class=\"nbos-inner\"><!-- [et_pb_line_break_holder] -->          <\/p>\n<div><!-- [et_pb_line_break_holder] -->            <\/p>\n<div class=\"nbos-icon\">\ud83d\udee3\ufe0f<\/div>\n<p><!-- [et_pb_line_break_holder] -->            <pee class=\"nbos-metric\">Cobertura Nacional<\/pee><!-- [et_pb_line_break_holder] -->            <pee class=\"nbos-label\"><!-- [et_pb_line_break_holder] -->              Movemos tu carga a cualquier punto del pa\u00eds con operaci\u00f3n confiable.<!-- [et_pb_line_break_holder] -->            <\/pee><!-- [et_pb_line_break_holder] -->          <\/div>\n<p><!-- [et_pb_line_break_holder] -->        <\/div>\n<p><!-- [et_pb_line_break_holder] -->      <\/div>\n<p><!-- [et_pb_line_break_holder] -->    <\/div>\n<p><!-- [et_pb_line_break_holder] --><!-- [et_pb_line_break_holder] -->    <!-- 2 --><!-- [et_pb_line_break_holder] -->    <\/p>\n<div class=\"nbos-item\"><!-- [et_pb_line_break_holder] -->      <\/p>\n<div class=\"nbos-ring\"><!-- [et_pb_line_break_holder] -->        <\/p>\n<div class=\"nbos-inner\"><!-- [et_pb_line_break_holder] -->          <\/p>\n<div><!-- [et_pb_line_break_holder] -->            <\/p>\n<div class=\"nbos-icon\">\ud83d\udce6<\/div>\n<p><!-- [et_pb_line_break_holder] -->            <pee class=\"nbos-metric\">Cajas Secas 48\u201d y 53\u201d<\/pee><!-- [et_pb_line_break_holder] -->            <pee class=\"nbos-label\"><!-- [et_pb_line_break_holder] -->              Unidades en buen estado con certificado de fumigaci\u00f3n vigente para proteger tu mercanc\u00eda.<!-- [et_pb_line_break_holder] -->            <\/pee><!-- [et_pb_line_break_holder] -->          <\/div>\n<p><!-- [et_pb_line_break_holder] -->        <\/div>\n<p><!-- [et_pb_line_break_holder] -->      <\/div>\n<p><!-- [et_pb_line_break_holder] -->    <\/div>\n<p><!-- [et_pb_line_break_holder] --><!-- [et_pb_line_break_holder] -->    <!-- 3 --><!-- [et_pb_line_break_holder] -->    <\/p>\n<div class=\"nbos-item\"><!-- [et_pb_line_break_holder] -->      <\/p>\n<div class=\"nbos-ring\"><!-- [et_pb_line_break_holder] -->        <\/p>\n<div class=\"nbos-inner\"><!-- [et_pb_line_break_holder] -->          <\/p>\n<div><!-- [et_pb_line_break_holder] -->            <\/p>\n<div class=\"nbos-icon\">\ud83d\udccd<\/div>\n<p><!-- [et_pb_line_break_holder] -->            <pee class=\"nbos-metric\">GPS + Monitoreo 24\/7<\/pee><!-- [et_pb_line_break_holder] -->            <pee class=\"nbos-label\"><!-- [et_pb_line_break_holder] -->              Rastreo en tiempo real y supervisi\u00f3n continua desde la carga hasta el destino.<!-- [et_pb_line_break_holder] -->            <\/pee><!-- [et_pb_line_break_holder] -->          <\/div>\n<p><!-- [et_pb_line_break_holder] -->        <\/div>\n<p><!-- [et_pb_line_break_holder] -->      <\/div>\n<p><!-- [et_pb_line_break_holder] -->    <\/div>\n<p><!-- [et_pb_line_break_holder] -->  <\/div>\n<p><!-- [et_pb_line_break_holder] --><\/section>\n<p><!-- [et_pb_line_break_holder] -->[\/et_pb_code][\/et_pb_column][\/et_pb_row][\/et_pb_section][et_pb_section fb_built=&#8221;1&#8243; admin_label=&#8221;Call to Action&#8221; _builder_version=&#8221;4.20.0&#8243; _module_preset=&#8221;default&#8221; background_color=&#8221;gcid-af6245ea-df40-48a8-9687-67293107dc0c&#8221; custom_padding=&#8221;0px|||||&#8221; locked=&#8221;off&#8221; collapsed=&#8221;on&#8221; global_colors_info=&#8221;{%22gcid-af6245ea-df40-48a8-9687-67293107dc0c%22:%91%22background_color%22%93}&#8221;][et_pb_row _builder_version=&#8221;4.27.4&#8243; _module_preset=&#8221;default&#8221; background_color=&#8221;#E02B20&#8243; background_image=&#8221;https:\/\/nbosexpress.com\/wp-content\/uploads\/2025\/12\/cargo-transport-07.png&#8221; background_position=&#8221;top_center&#8221; background_vertical_offset=&#8221;6vw&#8221; custom_padding=&#8221;80px|80px|80px|80px|true|true&#8221; border_radii=&#8221;on|10px|10px|10px|10px&#8221; saved_tabs=&#8221;all&#8221; global_colors_info=&#8221;{}&#8221;][et_pb_column type=&#8221;4_4&#8243; _builder_version=&#8221;4.20.0&#8243; _module_preset=&#8221;default&#8221; global_colors_info=&#8221;{}&#8221;][et_pb_text _builder_version=&#8221;4.20.0&#8243; _module_preset=&#8221;a6baf6c4-dbf9-4ea9-9bf0-8a1655f38a07&#8243; header_2_text_color=&#8221;gcid-af6245ea-df40-48a8-9687-67293107dc0c&#8221; text_orientation=&#8221;center&#8221; global_colors_info=&#8221;{%22gcid-af6245ea-df40-48a8-9687-67293107dc0c%22:%91%22header_2_text_color%22%93}&#8221;]<\/p>\n<h2>\u00bfNecesitas mover tu carga hoy? Obt\u00e9n una cotizaci\u00f3n r\u00e1pida y confiable para tu env\u00edo en cualquier parte del pa\u00eds.<\/h2>\n<p>[\/et_pb_text][et_pb_button button_text=&#8221;Solicitar Cotizaci\u00f3n&#8221; button_alignment=&#8221;center&#8221; _builder_version=&#8221;4.27.4&#8243; _module_preset=&#8221;e493c144-4619-4c24-9f5b-4d20f68ba34c&#8221; hover_enabled=&#8221;0&#8243; global_colors_info=&#8221;{}&#8221; button_url=&#8221;https:\/\/wa.link\/hytgb2&#8243; url_new_window=&#8221;on&#8221; sticky_enabled=&#8221;0&#8243;][\/et_pb_button][\/et_pb_column][\/et_pb_row][\/et_pb_section]<\/p>\n","protected":false},"excerpt":{"rendered":"<p>Soluciones de transporte confiables para todo M\u00e9xicoEn NBOS Express combinamos cobertura nacional, unidades certificadas y monitoreo en tiempo real para garantizar env\u00edos seguros y puntuales.AS\u00ed funcionaAs\u00ed movemos tu carga, paso a pasoPaso 1 \u2014 Solicitud y detalle del env\u00edoRecibimos tu requerimiento y definimos origen, destino, tipo de carga y necesidades de unidad. Paso 2 \u2014 [&hellip;]<\/p>\n","protected":false},"author":1,"featured_media":0,"parent":0,"menu_order":0,"comment_status":"closed","ping_status":"closed","template":"","meta":{"_et_pb_use_builder":"on","_et_pb_old_content":"","_et_gb_content_width":"","_joinchat":[],"footnotes":""},"dipi_cpt_category":[],"class_list":["post-43","page","type-page","status-publish","hentry"],"_links":{"self":[{"href":"https:\/\/nbosexpress.com\/index.php?rest_route=\/wp\/v2\/pages\/43","targetHints":{"allow":["GET"]}}],"collection":[{"href":"https:\/\/nbosexpress.com\/index.php?rest_route=\/wp\/v2\/pages"}],"about":[{"href":"https:\/\/nbosexpress.com\/index.php?rest_route=\/wp\/v2\/types\/page"}],"author":[{"embeddable":true,"href":"https:\/\/nbosexpress.com\/index.php?rest_route=\/wp\/v2\/users\/1"}],"replies":[{"embeddable":true,"href":"https:\/\/nbosexpress.com\/index.php?rest_route=%2Fwp%2Fv2%2Fcomments&post=43"}],"version-history":[{"count":8,"href":"https:\/\/nbosexpress.com\/index.php?rest_route=\/wp\/v2\/pages\/43\/revisions"}],"predecessor-version":[{"id":102,"href":"https:\/\/nbosexpress.com\/index.php?rest_route=\/wp\/v2\/pages\/43\/revisions\/102"}],"wp:attachment":[{"href":"https:\/\/nbosexpress.com\/index.php?rest_route=%2Fwp%2Fv2%2Fmedia&parent=43"}],"wp:term":[{"taxonomy":"dipi_cpt_category","embeddable":true,"href":"https:\/\/nbosexpress.com\/index.php?rest_route=%2Fwp%2Fv2%2Fdipi_cpt_category&post=43"}],"curies":[{"name":"wp","href":"https:\/\/api.w.org\/{rel}","templated":true}]}}